{"id":10,"date":"2023-09-07T19:58:00","date_gmt":"2023-09-07T17:58:00","guid":{"rendered":"https:\/\/anarchistischebuechermesse.noblogs.org\/?page_id=10"},"modified":"2024-05-04T14:31:48","modified_gmt":"2024-05-04T12:31:48","slug":"infoa","status":"publish","type":"page","link":"https:\/\/anarchistischebuechermesse.noblogs.org\/?page_id=10","title":{"rendered":"Unterst\u00fctzung und Beteiligung"},"content":{"rendered":"<p>Zum ersten Mal in diesem Jahr, organisieren wir die Anarchistische B\u00fcchermesse in Berlin Kreuzberg. Wir sind ein kleiner Zusammenhang und sind nat\u00fcrlich auf Hilfe von euch angewiesen. Mit einer kleinen Liste zeigen wir euch, was es alles gibt bzw. nicht. Wenn Ihr euch einbringen wollt, schreibt uns an, wir freuen uns \u00fcber Hilfe.<\/p>\n<p><strong><i>FINANZIERUNG<\/i><\/strong><\/p>\n<p>Wie oben schon geschildert, wir sind ein kleiner Zusammenhang, und wollen mit der B\u00fcchermesse kein Geld erwirtschaften. F\u00fcr uns ist es jedoch wichtig, dass die Raumkosten und die Reisekosten, f\u00fcr die Leute die Veranstaltungen machen, wieder rein kommen, sodass niemand darauf sitzen bleiben muss. Auch wollen wir Ger\u00e4te f\u00fcr die Simultan\u00fcbersetzungen besorgen, diese kosten nat\u00fcrlich auch Geld. Somit sind wir auf Spenden angewiesen. Wir wollen nicht zu staatlichen Instituten, Stiftungen usw. gehen und Geld beantragen, dies widerspricht unseren Ansichten. Wir wollen bei den Veranstaltungen eine Spendendose rumreichen, wo jede Person was hereinschmei\u00dfen kann, auch am Tresen wird es eine Spendendose geben. Nat\u00fcrlich k\u00f6nnt Ihr uns auch einfach ansprechen und uns was in die Hand dr\u00fccken.<\/p>\n<p><strong><i>\u00dcBERSETZUNGEN<\/i><\/strong><\/p>\n<p>Wir erwarten bei der B\u00fcchermesse Menschen aus verschiedenen L\u00e4ndern. Unser Ziel ist es Ger\u00e4te f\u00fcr eine Simultan\u00fcbersetzung zu besorgen. Sollte das nicht klappen, sollte es nat\u00fcrlich auch ohne Ger\u00e4te klappen, wir suchen daf\u00fcr Menschen, die beim \u00fcbersetzen helfen, damit alles reibungslos \u00fcber die B\u00fchne geht, freuen wir uns, wenn sich vorab schon ein paar Leute melden, die sich das vorstellen k\u00f6nnen.<\/p>\n<p><strong><i>UNTERKUNFT<\/i><\/strong><\/p>\n<p>Wir haben unterschiedliche Projekte angeschrieben und gefragt, ob Personen bei Ihnen unterkommen k\u00f6nnen, leider war die Resonanz bisher nicht so hoch, wie wir uns das vorgestellt haben. Falls Ihr Schlafpl\u00e4tze zur Verf\u00fcgung stellen k\u00f6nnt, schreibt uns doch einfach an, dass w\u00fcrde einigen Leuten eine gro\u00dfe Erleichterung sein.<\/p>\n<p><strong><i>ESSEN<\/i><\/strong><\/p>\n<p>Nach langem hin und her \u00fcberlegen, haben wir uns aus unterschiedlichen Gr\u00fcnden dazu entschieden, kein Essen anzubieten. Wir sind mitten in Kreuzberg und somit gibt es unterschiedliche Essensm\u00f6glichkeiten ganz in der N\u00e4he. Deswegen bitten wir euch, schmiert euch am Morgen Brote, damit ihr gut durch den Tag kommt. Es wird eine Bar geben, mit Alkoholfreien Getr\u00e4nken, sowie Kaffee und Tee. Wenn Ihr eine Barschicht \u00fcbernehmen wollt\/k\u00f6nnt, dann schreibt uns einfach an.<\/p>\n<p><strong><i>VERBREITUNG<\/i><\/strong><\/p>\n<p>Flyer und Plakate sind inzwischen fertig, wenn auch Ihr welche haben wollt um eure Stadt zu versch\u00f6nern, schreibt uns an und wir schicken euch Material zu. Nat\u00fcrlich k\u00f6nnt Ihr Werbung auf euren Blog machen.<\/p>\n<p><strong><i>TEILNAHME AN DEM PROGRAMM<\/i><\/strong><\/p>\n<p><strong>Inzwischen stehen ein paar Veranstaltungen, wenn Ihr auch Lust habt, eine Veranstaltung zu machen, fragt uns an.<\/strong><\/p>\n<p><strong>Auch wenn Ihr einen B\u00fcchertisch machen wollt, gebt uns einfach bescheid. <\/strong><\/p>\n","protected":false},"excerpt":{"rendered":"<p>Zum ersten Mal in diesem Jahr, organisieren wir die Anarchistische B\u00fcchermesse in Berlin Kreuzberg. Wir sind ein kleiner Zusammenhang und sind nat\u00fcrlich auf Hilfe von euch angewiesen. Mit einer kleinen Liste zeigen wir euch, was es alles gibt bzw. nicht. Wenn Ihr euch einbringen wollt, schreibt uns an, wir freuen uns \u00fcber Hilfe. FINANZIERUNG Wie &hellip; <a href=\"https:\/\/anarchistischebuechermesse.noblogs.org\/?page_id=10\" class=\"more-link\"><span class=\"screen-reader-text\">Unterst\u00fctzung und Beteiligung<\/span> weiterlesen <span class=\"meta-nav\">&rarr;<\/span><\/a><\/p>\n","protected":false},"author":19357,"featured_media":0,"parent":0,"menu_order":0,"comment_status":"closed","ping_status":"closed","template":"","meta":{"footnotes":""},"class_list":["post-10","page","type-page","status-publish","hentry"],"_links":{"self":[{"href":"https:\/\/anarchistischebuechermesse.noblogs.org\/index.php?rest_route=\/wp\/v2\/pages\/10","targetHints":{"allow":["GET"]}}],"collection":[{"href":"https:\/\/anarchistischebuechermesse.noblogs.org\/index.php?rest_route=\/wp\/v2\/pages"}],"about":[{"href":"https:\/\/anarchistischebuechermesse.noblogs.org\/index.php?rest_route=\/wp\/v2\/types\/page"}],"author":[{"embeddable":true,"href":"https:\/\/anarchistischebuechermesse.noblogs.org\/index.php?rest_route=\/wp\/v2\/users\/19357"}],"replies":[{"embeddable":true,"href":"https:\/\/anarchistischebuechermesse.noblogs.org\/index.php?rest_route=%2Fwp%2Fv2%2Fcomments&post=10"}],"version-history":[{"count":5,"href":"https:\/\/anarchistischebuechermesse.noblogs.org\/index.php?rest_route=\/wp\/v2\/pages\/10\/revisions"}],"predecessor-version":[{"id":185,"href":"https:\/\/anarchistischebuechermesse.noblogs.org\/index.php?rest_route=\/wp\/v2\/pages\/10\/revisions\/185"}],"wp:attachment":[{"href":"https:\/\/anarchistischebuechermesse.noblogs.org\/index.php?rest_route=%2Fwp%2Fv2%2Fmedia&parent=10"}],"curies":[{"name":"wp","href":"https:\/\/api.w.org\/{rel}","templated":true}]}}