{"id":133,"date":"2023-12-02T10:20:32","date_gmt":"2023-12-02T09:20:32","guid":{"rendered":"https:\/\/anarchistischebuechermesse.noblogs.org\/?page_id=133"},"modified":"2023-12-02T10:20:32","modified_gmt":"2023-12-02T09:20:32","slug":"anarchisticky-bookfair-berlin-kreuzberg-2024","status":"publish","type":"page","link":"https:\/\/anarchistischebuechermesse.noblogs.org\/?page_id=133","title":{"rendered":"Anarchistick\u00fd bookfair \u2013 Berl\u00edn-Kreuzberg 2024"},"content":{"rendered":"<p>S pot\u011b\u0161en\u00edm oznamujeme, \u017ee od 5. do 8. z\u00e1\u0159\u00ed 2024 se v New Yorcku na adrese Bethanien 2 B, 10997 Berlin-Kreuzberg 36, uskute\u010dn\u00ed anarchistick\u00fd bookfair. Pokud je n\u00e1m zn\u00e1mo, naposledy se n\u011bco podobn\u00e9ho v Berl\u00edn\u011b konalo v roce 2016, kdy se konaly <a href=\"https:\/\/ausloeser.blackblogs.org\/\">Dny anarchistick\u00fdch my\u0161lenek a publikac\u00ed<\/a>. Nejen\u017ee od t\u00e9 doby uplynulo p\u0159\u00edli\u0161 mnoho let, ale z hlediska \u0161\u00ed\u0159en\u00ed anarchistick\u00fdch a revolu\u010dn\u00edch my\u0161lenek je d\u016fle\u017eit\u00e9 op\u011bt uspo\u0159\u00e1dat v Berl\u00edn\u011b pravidelnou akci. Bookfair by nem\u011bl b\u00fdt vn\u00edm\u00e1n jako n\u011bco pom\u00edjiv\u00e9ho, ale jako kontinu\u00e1ln\u00ed ud\u00e1lost, kter\u00e1 by se m\u011bla konat ka\u017ed\u00fd rok. Od po\u010d\u00e1tku roku 2010 p\u0159isp\u00edvaj\u00ed anarchistick\u00e9 bookfairy po cel\u00e9 Evrop\u011b, od Pyrenejsk\u00e9ho poloostrova po Balk\u00e1n, k v\u00edce ne\u017e v\u00edtan\u00e9mu o\u017eiven\u00ed anarchistick\u00fdch my\u0161lenek a postup\u016f. V\u00fdsledkem je nejen propojen\u00ed a odkazov\u00e1n\u00ed mezi soudruhy po cel\u00e9m sv\u011bt\u011b, ale tak\u00e9 internacionalizace debat. A pr\u00e1v\u011b toho chceme dos\u00e1hnout t\u00edmto bookfairem.<\/p>\n<div>\n<p>Existuje mnoho d\u016fvod\u016f, pro\u010d po\u0159\u00e1dat anarchistick\u00e9 bookfairy v Berl\u00edn\u011b i jinde, pro\u010d d\u00e1t v\u00edce prostoru anarchistick\u00fdm knih\u00e1m, a tedy anarchistick\u00fdm my\u0161lenk\u00e1m. Ale je to p\u0159esn\u011b to, co chceme? Sta\u010d\u00ed n\u00e1m postavit p\u00e1r stolk\u016f s knihami, uspo\u0159\u00e1dat p\u00e1r \u010dten\u00ed, trochu se poflakovat? Ne, to nesta\u010d\u00ed, proto\u017ee n\u00e1m jde p\u0159edev\u0161\u00edm o zintenzivn\u011bn\u00ed debat, kter\u00e9 mus\u00ed vy\u00fastit v \u010diny. Knihy a v\u0161echny psan\u00e9 produkty jsou tedy d\u016fle\u017eit\u00fdmi prost\u0159edky, kter\u00e9 n\u00e1s v\u0161echny mohou spojovat, ale knihy samy o sob\u011b nic neznamenaj\u00ed. U\u017eite\u010dn\u00fd je obsah, kter\u00fd nesou, je to praxe, kter\u00e1 utv\u00e1\u0159\u00ed skute\u010dn\u00e9 hnut\u00ed. K obsahu pat\u0159\u00ed nejr\u016fzn\u011bj\u0161\u00ed t\u00e9mata a ot\u00e1zky, kter\u00e9 je t\u0159eba v debat\u011b prodiskutovat. C\u00edl t\u00e9to debaty, t\u011bchto diskus\u00ed, kter\u00e9 mus\u00edme v\u00e9st zde i po cel\u00e9m sv\u011bt\u011b, je jedin\u00fd: skoncovat se sv\u011btem kapitalismu. To se d\u011bje prost\u0159ednictv\u00edm praxe povst\u00e1n\u00ed, t\u0159\u00eddn\u00ed v\u00e1lky, soci\u00e1ln\u00ed v\u00e1lky, kter\u00e1 m\u00e1 vy\u00fastit v celosv\u011btovou soci\u00e1ln\u00ed revoluci. Proto prob\u00edh\u00e1 intenzivn\u00ed debata mezi anarchisty a v\u0161emi revolucion\u00e1\u0159i, kte\u0159\u00ed cht\u011bj\u00ed okam\u017eit\u011b skoncovat se st\u00e1tem-n\u00e1rodem, kapit\u00e1lem a patriarch\u00e1tem.<\/p>\n<\/div>\n<div>\n<p>Proto, krom\u011b pot\u0159eby zintenzivnit konkr\u00e9tn\u00ed debaty, budeme m\u00edt pro kni\u017en\u00ed veletrh tak\u00e9 obsahov\u00e9 priority.<\/p>\n<ul>\n<li><strong>Postoj k v\u00e1lce (na Ukrajin\u011b i jinde)<\/strong><\/li>\n<li><strong> Zab\u00fdv\u00e1n\u00ed se t\u00e9maty <em>nacionalismus-n\u00e1rod-lid-st\u00e1t<\/em>, kter\u00e9 nelze od sebe odd\u011blit<\/strong><\/li>\n<li><strong>\u0160\u00ed\u0159en\u00ed anarchistick\u00fdch a revolu\u010dn\u00edch my\u0161lenek prost\u0159ednictv\u00edm knih, propagace, praxe atd.<\/strong><\/li>\n<\/ul>\n<p>Mohlo by se zd\u00e1t, \u017ee anarchistick\u00e9 hnut\u00ed ji\u017e dosp\u011blo k ucelen\u00e9 odpov\u011bdi\/stanovisku v mnoha ot\u00e1zk\u00e1ch. Ale jak se \u0159\u00edk\u00e1 mezi n\u011bkter\u00fdmi anarchisty, nen\u00ed nic radik\u00e1ln\u011bj\u0161\u00edho ne\u017e realita, a to se op\u011bt projevilo. Velmi \u0161patn\u011b pochopen\u00e9 r\u010den\u00ed, proto\u017ee n\u011bkte\u0159\u00ed \u00fadajn\u00ed anarchist\u00e9 st\u00e1le stoj\u00ed na stran\u011b st\u00e1tu-n\u00e1roda, o n\u011bm\u017e si n\u011bkte\u0159\u00ed z nich mysl\u00ed, \u017ee proti n\u011bmu \u00fadajn\u011b bojuj\u00ed. O \u010dem se te\u010f bav\u00edme? M\u00e1me na mysli Katal\u00e1nsko, Kurdist\u00e1n, Mapu\u010de, Palestinu, Ukrajinu nebo tolik jin\u00fdch p\u0159\u00edklad\u016f z minulosti i sou\u010dasnosti? Mluv\u00edme o \u00fa\u010dasti ve volb\u00e1ch, podpo\u0159e stran, ochran\u011b demokracie (tj. kapitalistick\u00e9ho st\u00e1tu), legitimizaci monopolu n\u00e1sil\u00ed, nebo o v\u0161em najednou? Mohli bychom to vid\u011bt i v souvislosti s koronavirem. A to nejen na \u201cbezmocnosti\u201d, do n\u00ed\u017e je anarchistick\u00e9 hnut\u00ed schopno upadnout, ale i na rozmachu, s n\u00edm\u017e je schopno legitimizovat st\u00e1t.<\/p>\n<p>Co to v\u0161echno ale m\u016f\u017ee m\u00edt spole\u010dn\u00e9ho s anarchismem, s anarchistick\u00fdm hnut\u00edm? Velmi jednodu\u0161e, v\u016fbec nic.<\/p>\n<p>Ale co t\u00edm v\u0161\u00edm chceme \u0159\u00edci, co to m\u00e1 spole\u010dn\u00e9ho s v\u00fd\u0161e zm\u00edn\u011bn\u00fdm v\u00fdrokem a co to m\u00e1 spole\u010dn\u00e9ho s anarchistick\u00fdm bookfairem? Jednodu\u0161e \u0159e\u010deno, realita v\u017edy do\u017eene ty, kte\u0159\u00ed nemaj\u00ed jasno sami v sob\u011b, co\u017e je vede k obhajob\u011b postoj\u016f, kter\u00e9 jim ve skute\u010dnosti nep\u0159\u00edslu\u0161\u00ed. Nejl\u00e9pe to vid\u00edme na v\u00fd\u0161e uveden\u00fdch p\u0159\u00edkladech. Realita doh\u00e1n\u00ed v\u0161echny, kdo si mysl\u00ed, \u017ee jsou tak neuv\u011b\u0159iteln\u011b radik\u00e1ln\u00ed, a p\u0159itom sv\u00e9 pozice postavili jen na idealismu a p\u00edsku. V\u00fdsledkem jsou postoje a p\u0159\u00edstupy, kter\u00e9 slou\u017e\u00ed jen reformismu a kontrarevoluci.<\/p>\n<p>To n\u00e1s vede k pot\u0159eb\u011b debat, kter\u00e9 mus\u00ed v\u00e9st k praxi, aby se vy\u0159e\u0161il zmatek p\u0159\u00edtomn\u00e9ho okam\u017eiku. Proto by se m\u011bl bookfair zam\u011b\u0159it tak\u00e9 na ot\u00e1zky t\u00fdkaj\u00edc\u00ed se v\u00e1lky obecn\u011b, konkr\u00e9tn\u00edch v\u00e1lek sou\u010dasn\u00fdch i historick\u00fdch. V neposledn\u00ed \u0159ad\u011b tak\u00e9 na to, pro\u010d jsou tyto v\u00e1lky vlastn\u00ed kapitalistick\u00e9mu st\u00e1tu-n\u00e1rodu a pro\u010d je n\u00e1\u0161 vztah k n\u011bmu pouze nesmi\u0159iteln\u00fdm nep\u0159\u00e1telstv\u00edm. Tak\u017ee nejen agitace \u010di propagace, ale i v\u011bcn\u00e9 postoje maj\u00ed kl\u00ed\u010dov\u00fd v\u00fdznam a jsou nezbytn\u00e9. Co to znamen\u00e1 pro anarchistick\u00e9 hnut\u00ed nebo co to o n\u011bm vypov\u00edd\u00e1, kdy\u017e se lid\u00e9, kte\u0159\u00ed si \u0159\u00edkaj\u00ed anarchist\u00e9, \u00fa\u010dastn\u00ed vnitrobur\u017eoazn\u00edch v\u00e1lek mezi r\u016fzn\u00fdmi frakcemi kapitalismu? Je to je\u0161t\u011b anarchismus, nebo revolu\u010dn\u00ed? A jak\u00e9 m\u00e1me mo\u017enosti, abychom mohli ve v\u00e1lk\u00e1ch jednat revolu\u010dn\u011b? A jist\u011b tis\u00edc dal\u0161\u00edch ot\u00e1zek, kter\u00e9 v t\u00e9to souvislosti hr\u00e1ly a st\u00e1le hraj\u00ed roli.<\/p>\n<p>Charakter bookfairu by m\u011bl b\u00fdt tak\u00e9 mezin\u00e1rodn\u00ed a internacionalistick\u00fd. V\u00fdzva by m\u011bla b\u00fdt zve\u0159ejn\u011bna ve v\u0161ech mo\u017en\u00fdch jazyc\u00edch, proto\u017ee spojen\u00ed mezi anarchisty a v\u0161emi revolucion\u00e1\u0159i mus\u00ed b\u00fdt posilov\u00e1no.<\/p>\n<div>\n<p>Pokud chcete uspo\u0159\u00e1dat informa\u010dn\u00ed stolek, pokud chcete iniciovat diskusi, ozv\u011bte se zde: <strong>abmb @ riseup.net<\/strong><\/p>\n<div>\n<p>Dal\u0161\u00ed informace jsou na <a href=\"https:\/\/anarchistischebuechermesse.noblogs.org\/\" target=\"_blank\" rel=\"noopener noreferrer\">https:\/\/anarchistischebuechermesse.noblogs.org\/<\/a><\/p>\n<p>B\u011bhem n\u011bkolika n\u00e1sleduj\u00edc\u00edch m\u011bs\u00edc\u016f, a\u017e do zah\u00e1jen\u00ed bookfairu, zve\u0159ejn\u00edme n\u011bkolik text\u016f, kter\u00e9 budou u\u017eite\u010dn\u00e9 pro debaty na t\u00e9to ud\u00e1losti.<\/p>\n<\/div>\n<\/div>\n<\/div>\n","protected":false},"excerpt":{"rendered":"<p>S pot\u011b\u0161en\u00edm oznamujeme, \u017ee od 5. do 8. z\u00e1\u0159\u00ed 2024 se v New Yorcku na adrese Bethanien 2 B, 10997 Berlin-Kreuzberg 36, uskute\u010dn\u00ed anarchistick\u00fd bookfair. Pokud je n\u00e1m zn\u00e1mo, naposledy se n\u011bco podobn\u00e9ho v Berl\u00edn\u011b konalo v roce 2016, kdy se konaly Dny anarchistick\u00fdch my\u0161lenek a publikac\u00ed. Nejen\u017ee od t\u00e9 doby uplynulo p\u0159\u00edli\u0161 mnoho let, &hellip; <a href=\"https:\/\/anarchistischebuechermesse.noblogs.org\/?page_id=133\" class=\"more-link\"><span class=\"screen-reader-text\">Anarchistick\u00fd bookfair \u2013 Berl\u00edn-Kreuzberg 2024<\/span> weiterlesen <span class=\"meta-nav\">&rarr;<\/span><\/a><\/p>\n","protected":false},"author":19357,"featured_media":0,"parent":0,"menu_order":0,"comment_status":"closed","ping_status":"closed","template":"","meta":{"footnotes":""},"class_list":["post-133","page","type-page","status-publish","hentry"],"_links":{"self":[{"href":"https:\/\/anarchistischebuechermesse.noblogs.org\/index.php?rest_route=\/wp\/v2\/pages\/133","targetHints":{"allow":["GET"]}}],"collection":[{"href":"https:\/\/anarchistischebuechermesse.noblogs.org\/index.php?rest_route=\/wp\/v2\/pages"}],"about":[{"href":"https:\/\/anarchistischebuechermesse.noblogs.org\/index.php?rest_route=\/wp\/v2\/types\/page"}],"author":[{"embeddable":true,"href":"https:\/\/anarchistischebuechermesse.noblogs.org\/index.php?rest_route=\/wp\/v2\/users\/19357"}],"replies":[{"embeddable":true,"href":"https:\/\/anarchistischebuechermesse.noblogs.org\/index.php?rest_route=%2Fwp%2Fv2%2Fcomments&post=133"}],"version-history":[{"count":1,"href":"https:\/\/anarchistischebuechermesse.noblogs.org\/index.php?rest_route=\/wp\/v2\/pages\/133\/revisions"}],"predecessor-version":[{"id":134,"href":"https:\/\/anarchistischebuechermesse.noblogs.org\/index.php?rest_route=\/wp\/v2\/pages\/133\/revisions\/134"}],"wp:attachment":[{"href":"https:\/\/anarchistischebuechermesse.noblogs.org\/index.php?rest_route=%2Fwp%2Fv2%2Fmedia&parent=133"}],"curies":[{"name":"wp","href":"https:\/\/api.w.org\/{rel}","templated":true}]}}