{"id":141,"date":"2023-12-13T21:39:56","date_gmt":"2023-12-13T20:39:56","guid":{"rendered":"https:\/\/anarchistischebuechermesse.noblogs.org\/?page_id=141"},"modified":"2023-12-13T21:39:56","modified_gmt":"2023-12-13T20:39:56","slug":"feria-del-libro-anarquista-berlin-kreuzberg-2024","status":"publish","type":"page","link":"https:\/\/anarchistischebuechermesse.noblogs.org\/?page_id=141","title":{"rendered":"Feria del Libro Anarquista Berl\u00edn-Kreuzberg 2024"},"content":{"rendered":"<p>Con gran placer anunciamos que una feria del libro anarquista tendr\u00e1 lugar del 5 de septiembre al 8 de septiembre de 2024 en NewYorck en Bethanien 2 B, 10997 Berlin-Kreuzberg 36. Que sepamos, la \u00faltima vez que se celebr\u00f3 algo as\u00ed en Berl\u00edn fue en 2016, cuando tuvieron lugar las <a href=\"https:\/\/ausloeser.blackblogs.org\/\"><i>Tage der anarchistischen Ideen und Publikationen<\/i><\/a> (Jornadas de Ideas y Publicaciones Anarquistas). No solo han pasado demasiados a\u00f1os desde entonces, sino que tambi\u00e9n es importante volver a organizar un evento regular en Berl\u00edn para difundir las ideas anarquistas y revolucionarias. Por lo tanto, la feria del libro no debe ser vista como algo ef\u00edmero, sino como un evento continuo que debe tener lugar cada a\u00f1o. Desde principios de la d\u00e9cada de 2010, las ferias del libro anarquista en toda Europa, desde la Pen\u00ednsula Ib\u00e9rica hasta los Balcanes, han contribuido a un m\u00e1s que bienvenido renacimiento de las ideas y pr\u00e1cticas anarquistas. El resultado no ha sido s\u00f3lo la conexi\u00f3n y la referencia entre compa\u00f1eros de todo el planeta, sino tambi\u00e9n una internacionalizaci\u00f3n de los debates. Y esto es tambi\u00e9n lo que queremos conseguir con esta feria del libro.<\/p>\n<p>Hay muchas razones para organizar ferias del libro anarquista en Berl\u00edn y en otros lugares para dar a los libros anarquistas, ergo a las ideas anarquistas, m\u00e1s espacio, pero \u00bfes eso exactamente lo que queremos? \u00bfNos basta con poner algunas mesas de libros, hacer algunas lecturas sobre libros, pasar un poco el rato? No, no es suficiente, porque lo que queremos sobre todo es intensificar los debates que deben conducir a la pr\u00e1ctica. Los libros y todos los productos escritos son, por tanto, veh\u00edculos importantes que pueden conectarnos a todos, pero los libros en s\u00ed no son nada, es el contenido que llevan lo que es \u00fatil, es la pr\u00e1ctica lo que forma un verdadero movimiento. El contenido son todo tipo de temas y cuestiones, pero hay que debatirlos. El objetivo de este debate, de estas discusiones que tenemos que tener aqu\u00ed y en todo el mundo, s\u00f3lo tiene un objetivo, acabar con el mundo del capitalismo, hacerlo estallar. Esto se hace mediante la pr\u00e1ctica de la insurrecci\u00f3n, de la guerra de clases, de la guerra social, que conduce a una revoluci\u00f3n social mundial. En otras palabras, el intenso debate entre anarquistas y todos los revolucionarios que pondr\u00e1 un fin inmediato al Estado-naci\u00f3n, al capital, al patriarcado.<\/p>\n<p>Adem\u00e1s de la necesidad de intensificar los debates espec\u00edficos, tambi\u00e9n nos concentraremos en algunos temas para la feria del libro.<\/p>\n<p>&#8211; La postura ante la guerra (en Ucrania y en otros lugares)<\/p>\n<p>&#8211; El debate sobre nacionalismo-naci\u00f3n-pueblo-estado, que no pueden separarse el uno del otro.<\/p>\n<p>&#8211; La difusi\u00f3n de las ideas anarquistas y revolucionarias a trav\u00e9s de los libros, la propaganda, la pr\u00e1ctica, etc.<\/p>\n<p>Se podr\u00eda pensar que el movimiento anarquista ya ha llegado a una respuesta\/posici\u00f3n coherente sobre muchos temas, pero como dice el dicho entre algunos anarquistas, no hay nada m\u00e1s radical que la realidad y esto se ha vuelto a expresar. Un dicho muy mal entendido, porque los supuestos anarquistas siguen del lado del estado-naci\u00f3n, que son algunos, al que supuestamente pretenden combatir. \u00bfDe qu\u00e9 estamos hablando ahora? \u00bfEstamos hablando de Catalu\u00f1a, del Kurdist\u00e1n, de los Mapuches, de Palestina, de Ucrania o de tantos otros ejemplos pasados y presentes? \u00bfEstamos hablando de participar en elecciones, de apoyar partidos, de proteger la democracia (ergo el Estado capitalista), de legitimar el monopolio de la violencia, o de todo ello a la vez? Tambi\u00e9n podr\u00edamos ver esto en relaci\u00f3n con el Covid 19, no s\u00f3lo con qu\u00e9 &#8222;impotencia&#8220; es capaz de caer un movimiento anarquista, sino con qu\u00e9 \u00edmpetu es capaz de legitimar el estado. Pero, \u00bfqu\u00e9 puede tener todo esto que ver con el anarquismo, o con un movimiento anarquista? Sencillamente, nada de nada.<\/p>\n<p>Pero, \u00bfa d\u00f3nde vamos con todo esto, qu\u00e9 tiene que ver con el eslogan antes mencionado y qu\u00e9 tiene que ver con esta feria del libro anarquista? Sencillamente, la realidad siempre alcanza a quienes no se dan cuenta de lo que hacen, lo que les lleva a defender posturas que en realidad no son las suyas. Lo vemos mejor en los ejemplos mencionados anteriormente. La realidad alcanza a todos aquellos que se creen incre\u00edblemente radicales cuando s\u00f3lo han construido sus posiciones sobre idealismo y arena, y lo que resulta son posiciones y actitudes que s\u00f3lo sirven al reformismo y a la contrarrevoluci\u00f3n.<\/p>\n<p>Esto nos lleva a la necesidad de debates que deben llevar a la pr\u00e1ctica para resolver la confusi\u00f3n del momento actual.<\/p>\n<p>Por lo tanto, el foco de la feria del libro tambi\u00e9n debe estar centrado en las cuestiones de la guerra en general y las guerras espec\u00edficas, presentes e hist\u00f3ricas, y todo lo que es inherente al Estado-naci\u00f3n capitalista, por qu\u00e9 nuestra relaci\u00f3n con \u00e9l es s\u00f3lo la de una enemistad irreconciliable. As\u00ed que no s\u00f3lo la agitaci\u00f3n, la propaganda, sino las posiciones de fondo son de inmensa importancia y necesidad. \u00bfQu\u00e9 significa para el movimiento anarquista, o qu\u00e9 dice de \u00e9l, que personas que se llaman a s\u00ed mismas anarquistas tomen parte en guerras interburguesas entre las diversas facciones del capitalismo? \u00bfSigue siendo esto anarquismo o revolucionario? \u00bfY qu\u00e9 opciones tenemos para seguir siendo capaces de actuar revolucionariamente en las guerras? Y ciertamente mil preguntas m\u00e1s que han jugado y siguen jugando un papel en este contexto.<\/p>\n<p>Por lo tanto, para discutir estas cuestiones y muchas otras, invitamos a todos aquellos que sientan la necesidad de abordar estas cuestiones a la Feria del Libro Anarquista del 5 de septiembre al 8 de septiembre de 2024 en Berl\u00edn-Kreuzberg.<\/p>\n<p>El car\u00e1cter de la feria del libro debe ser tambi\u00e9n internacional e internacionalista y la convocatoria debe publicarse en todos los idiomas posibles, porque la conexi\u00f3n entre los anarquistas y todos los revolucionarios debe fortalecerse.<\/p>\n<p>Si quieres organizar una paradita o iniciar un debate, ponte en contacto aqu\u00ed: <a href=\"mailto:abmb@riseup.net\">abmb@riseup.net<\/a>, m\u00e1s informaci\u00f3n en anarchistischebuechermesse.noblogs.org<\/p>\n<p><b>\u00a1Agitaci\u00f3n, insurrecci\u00f3n, anarqu\u00eda!<\/b><\/p>\n","protected":false},"excerpt":{"rendered":"<p>Con gran placer anunciamos que una feria del libro anarquista tendr\u00e1 lugar del 5 de septiembre al 8 de septiembre de 2024 en NewYorck en Bethanien 2 B, 10997 Berlin-Kreuzberg 36. Que sepamos, la \u00faltima vez que se celebr\u00f3 algo as\u00ed en Berl\u00edn fue en 2016, cuando tuvieron lugar las Tage der anarchistischen Ideen und &hellip; <a href=\"https:\/\/anarchistischebuechermesse.noblogs.org\/?page_id=141\" class=\"more-link\"><span class=\"screen-reader-text\">Feria del Libro Anarquista Berl\u00edn-Kreuzberg 2024<\/span> weiterlesen <span class=\"meta-nav\">&rarr;<\/span><\/a><\/p>\n","protected":false},"author":19357,"featured_media":0,"parent":0,"menu_order":0,"comment_status":"closed","ping_status":"closed","template":"","meta":{"footnotes":""},"class_list":["post-141","page","type-page","status-publish","hentry"],"_links":{"self":[{"href":"https:\/\/anarchistischebuechermesse.noblogs.org\/index.php?rest_route=\/wp\/v2\/pages\/141","targetHints":{"allow":["GET"]}}],"collection":[{"href":"https:\/\/anarchistischebuechermesse.noblogs.org\/index.php?rest_route=\/wp\/v2\/pages"}],"about":[{"href":"https:\/\/anarchistischebuechermesse.noblogs.org\/index.php?rest_route=\/wp\/v2\/types\/page"}],"author":[{"embeddable":true,"href":"https:\/\/anarchistischebuechermesse.noblogs.org\/index.php?rest_route=\/wp\/v2\/users\/19357"}],"replies":[{"embeddable":true,"href":"https:\/\/anarchistischebuechermesse.noblogs.org\/index.php?rest_route=%2Fwp%2Fv2%2Fcomments&post=141"}],"version-history":[{"count":1,"href":"https:\/\/anarchistischebuechermesse.noblogs.org\/index.php?rest_route=\/wp\/v2\/pages\/141\/revisions"}],"predecessor-version":[{"id":142,"href":"https:\/\/anarchistischebuechermesse.noblogs.org\/index.php?rest_route=\/wp\/v2\/pages\/141\/revisions\/142"}],"wp:attachment":[{"href":"https:\/\/anarchistischebuechermesse.noblogs.org\/index.php?rest_route=%2Fwp%2Fv2%2Fmedia&parent=141"}],"curies":[{"name":"wp","href":"https:\/\/api.w.org\/{rel}","templated":true}]}}