{"id":145,"date":"2023-12-22T14:44:15","date_gmt":"2023-12-22T13:44:15","guid":{"rendered":"https:\/\/anarchistischebuechermesse.noblogs.org\/?page_id=145"},"modified":"2023-12-22T14:44:15","modified_gmt":"2023-12-22T13:44:15","slug":"anarhisticki-sajam-knjiga-berlin-kreuzberg-2024","status":"publish","type":"page","link":"https:\/\/anarchistischebuechermesse.noblogs.org\/?page_id=145","title":{"rendered":"Anarhisti\u010dki sajam knjiga Berlin-Kreuzberg 2024"},"content":{"rendered":"<p>Zadovoljstvo nam je najaviti da \u0107e se anarhisti\u010dki sajam knjiga odr\u017eati od 5. do 8. rujna 2024. u New Yorcku na adresi Bethanien 2B, 10997 Berlin-Kreuzberg 36. Dani anarhisti\u010dkih ideja i izdava\u0161tva 2016. su, ako se ne varamo, bili posljednja prilika kad se ne\u0161to sli\u010dno doga\u0111alo u Berlinu. Previ\u0161e je vremena pro\u0161lo od tada i va\u017eno je u Berlinu uspostaviti redovne ivente za \u0161irenje anarhisti\u010dkih i revolucionarnih ideja. Sajam se ne bi trebalo shvatiti kao ne\u0161to prolazno, ve\u0107 kao kontinuirani ivent koje se opetuje svake godine. Od ranih 2010ih su anarhisti\u010dki sajmovi diljem Europe, od Iberijskog poluotoka do Balkana, pridonijeli zna\u010dajnoj obnovi anarhisti\u010dkih ideja i praksi. Rezultat toga nije bila samo uspostava kontakata i preporuka me\u0111u drugovima diljem svijeta, ve\u0107 i internacionalizacija izvjesnih debata. To je ono \u0161to \u017eelimo posti\u0107i ovim sajmom.<\/p>\n<p>Niz je razloga za odr\u017eavanje anarhisti\u010dkih sajmova u Berlinu kao i drugdje, primjerice davanje vi\u0161e prostora anarhisti\u010dkom izdava\u0161tvu, a time i anarhisti\u010dkim idejama. Me\u0111utim, \u0161to je cilj toga? Je li dovoljno postaviti pokoji stol s knjigama, odr\u017eati nekoliko \u010ditanja literature i malo se podru\u017eiti? Ne, to nije dovoljno jer ono \u010demu prije svega te\u017eimo jest intenzivirati debate koje bi imale prakti\u010dne rezultate. Pisana rije\u010d je va\u017ean pokreta\u010d na\u0161eg ujedinjavanja, me\u0111utim, knjige su same po sebi ni\u0161tavne! One imaju korist samo ukoliko njihov sadr\u017eaj mo\u017ee potaknuti praksu koja oblikuje realni pokret. Sadr\u017eaj uklju\u010duje niz tema i pitanja koja se moraju prodiskutirati, a cilj te debate, i kod nas i diljem svijeta, ima samo jedan cilj: privesti kraju kapitalisti\u010dki svijet, izmaknuti mu tlo pod nogama. To se doga\u0111a putem insurekcija, klasnog i dru\u0161tvenog rata koji rezultiraju dru\u0161tvenim revolucijama diljem svijeta. Zato valja intenzivirati debatu me\u0111u anarhistima i svim revolucionarima koji \u0107e odjednom privesti kraju nacionalne dr\u017eave, kapital i patrijarhat.<\/p>\n<p>Stoga \u0107emo imati, pored potrebe za intenziviranjem odre\u0111enih debata, prioritet po pitanju sadr\u017eaja prisutnog na sajmu.<\/p>\n<p>&#8211; odnos prema ratu (u Ukrajini i drugdje)<\/p>\n<p>&#8211; pitanje nacionalizma-nacija-naroda-dr\u017eave koji nisu me\u0111usobno razdvojivi<\/p>\n<p>&#8211; \u0161irenje anarhisti\u010dkih i revolucionarnih ideja putem knjiga, propagande, prakse itd.<\/p>\n<p>Mo\u017ee se \u010diniti kao da je anarhisti\u010dki pokret ve\u0107 do\u0161ao do koherentnih odgovora\/stavova po mnogim pitanjima, ali kao \u0161to bi mnogi anarhisti rekli, nema ni\u0161ta radikalnije od realnosti, \u0161to se opetovano pokazuje. Me\u0111utim, ta se uzre\u010dica krivo shva\u0107a pa onda navodni anarhisti staju uz realnost dr\u017eave, istovremeno misle\u0107i da se protiv nje bore. O \u010demu pri\u010damo? Mislimo li na Kataloniju, Kurdistan, Mapu\u010de, Palestinu, Ukrajinu ili druge pro\u0161le i sada\u0161nje primjere? Govorimo li o sudjelovanju na izborima, podr\u017eavanju partija, branjenju demokracije (tj kapitalisti\u010dke dr\u017eave), legitimiziranju monopola nad nasiljem ili o svemu tome skupa? To mo\u017eemo sagledati i iu odnosu na Corona virus i \u201cnemo\u0107\u201d u koju je anarhisti\u010dki pokret sposoban upasti, kao i poriv koji ga nagoni da prida legitimitet dr\u017eavi. Ali kako sve ovo ima veze s anarhizmom, s anarhisti\u010dkim pokretom? Nikakve!<\/p>\n<p>\u0160to ovime poku\u0161avamo re\u0107i? \u0160to poku\u0161avamo re\u0107i s izrekom da nema ni\u0161ta radikalnije od realnost? Kakve to veze ima sa anarhisti\u010dkim sajmom? Jednostavno re\u010deno, realnost uvijek dostigne one koji nisu sigurni u svoju poziciju, \u0161to ih dovodi da prihvate stajali\u0161ta koja nisu njihova. Gore navedeni primjeri su manifestacije toga. Realnost dosti\u017ee sve one koje misle da su nevjerojatno radikalni dok su njihove pozicije tek kule od pjeska iz kojih proizlaze samo reformisti\u010dki i kontra-revolucionarni stavovi.<\/p>\n<p>To nas dovodi do potrebe za debatom koja vodi k praksi i razrje\u0161enju konfuzija oko trenutnog stanja stvari.<\/p>\n<p>Stoga bi fokus sajma trebao biti vezan za pitanje rata op\u0107enito, kao i specifi\u010dnih suvremenih i historijskih ratova, te pitanja za\u0161to su takvi sukobi inherentni kapitalisti\u010dkoj nacionalnoj dr\u017eavi i za\u0161to ih mi nepomirljivo odbijamo. Zato je, pored agitacije i propagande, gra\u0111enje sadr\u017eajnih pozicija nu\u017enost. \u0160to zna\u010di za anarhisti\u010dki pokret i \u0161to to govori o njemu kad ljudi koji sebe nazivaju anarhistima sudjeluju u me\u0111u-bur\u017eujskim ratovima izme\u0111u raznih frakcija kapitala. Mo\u017eemo li tu govoriti o anarhizmu i revolucionarnosti? I koje su nam opcije na raspolaganju kako bismo u okviru rata mogle djelovati revolucionarno? Ta i tisu\u0107u drugih pitanja su bila i biti \u0107e od va\u017enosti u ovom kontekstu.<\/p>\n<p>Kako bi prodiskutirali taj niz pitanja, pozivamo svakog tko osje\u0107a potrebu da adresira ove teme na anarhisti\u010dki sajam knjiga od 5. do 8. rujna 2024. u Berlin-Kreuzberg.<\/p>\n<p>Te\u017eimo tome da sajam bude internacionalan i internacionalisti\u010dki, te da poziv bude preveden na \u0161to vi\u0161e jezika, jer se veze me\u0111u anarhistima i svim revolucionarima moraju oja\u010dati.<\/p>\n<p>Ako \u017eelite postaviti info-stol, ako \u017eelite organizirati diskusiju, javite se na abmb@riseup.net. Dodatne informacije su dostupne na anarchistischebuechermesse.noblogs.org<\/p>\n<p>Agitacija, insurekcija, anarhija!<\/p>\n","protected":false},"excerpt":{"rendered":"<p>Zadovoljstvo nam je najaviti da \u0107e se anarhisti\u010dki sajam knjiga odr\u017eati od 5. do 8. rujna 2024. u New Yorcku na adresi Bethanien 2B, 10997 Berlin-Kreuzberg 36. Dani anarhisti\u010dkih ideja i izdava\u0161tva 2016. su, ako se ne varamo, bili posljednja prilika kad se ne\u0161to sli\u010dno doga\u0111alo u Berlinu. Previ\u0161e je vremena pro\u0161lo od tada i &hellip; <a href=\"https:\/\/anarchistischebuechermesse.noblogs.org\/?page_id=145\" class=\"more-link\"><span class=\"screen-reader-text\">Anarhisti\u010dki sajam knjiga Berlin-Kreuzberg 2024<\/span> weiterlesen <span class=\"meta-nav\">&rarr;<\/span><\/a><\/p>\n","protected":false},"author":19357,"featured_media":0,"parent":0,"menu_order":0,"comment_status":"closed","ping_status":"closed","template":"","meta":{"footnotes":""},"class_list":["post-145","page","type-page","status-publish","hentry"],"_links":{"self":[{"href":"https:\/\/anarchistischebuechermesse.noblogs.org\/index.php?rest_route=\/wp\/v2\/pages\/145","targetHints":{"allow":["GET"]}}],"collection":[{"href":"https:\/\/anarchistischebuechermesse.noblogs.org\/index.php?rest_route=\/wp\/v2\/pages"}],"about":[{"href":"https:\/\/anarchistischebuechermesse.noblogs.org\/index.php?rest_route=\/wp\/v2\/types\/page"}],"author":[{"embeddable":true,"href":"https:\/\/anarchistischebuechermesse.noblogs.org\/index.php?rest_route=\/wp\/v2\/users\/19357"}],"replies":[{"embeddable":true,"href":"https:\/\/anarchistischebuechermesse.noblogs.org\/index.php?rest_route=%2Fwp%2Fv2%2Fcomments&post=145"}],"version-history":[{"count":1,"href":"https:\/\/anarchistischebuechermesse.noblogs.org\/index.php?rest_route=\/wp\/v2\/pages\/145\/revisions"}],"predecessor-version":[{"id":146,"href":"https:\/\/anarchistischebuechermesse.noblogs.org\/index.php?rest_route=\/wp\/v2\/pages\/145\/revisions\/146"}],"wp:attachment":[{"href":"https:\/\/anarchistischebuechermesse.noblogs.org\/index.php?rest_route=%2Fwp%2Fv2%2Fmedia&parent=145"}],"curies":[{"name":"wp","href":"https:\/\/api.w.org\/{rel}","templated":true}]}}