{"id":2,"date":"2023-09-07T16:27:18","date_gmt":"2023-09-07T16:27:18","guid":{"rendered":"https:\/\/anarchistischebuechermesse.noblogs.org\/?page_id=2"},"modified":"2023-11-15T18:06:53","modified_gmt":"2023-11-15T17:06:53","slug":"sample-page","status":"publish","type":"page","link":"https:\/\/anarchistischebuechermesse.noblogs.org\/?page_id=2","title":{"rendered":"Anarchistische B\u00fcchermesse Berlin-Kreuzberg 2024"},"content":{"rendered":"\r\n\r\n\r\n<p>Wir verk\u00fcnden mit gro\u00dfer Freude, dass vom 05. September bis zum 08. September 2024 im NewYorck im Bethanien 2 B, 10997 Berlin-Kreuzberg 36, eine anarchistische B\u00fcchermesse stattfinden wird. Das letzte Mal das in Berlin, unserer Kenntnis nach, so was stattfand, war im Jahr 2016, als die <em><a href=\"https:\/\/ausloeser.blackblogs.org\/\">Tage der anarchistischen Ideen und Publikationen<\/a> <\/em>stattfanden. Es sind nicht nur allzu viele Jahre seitdem vergangen, sondern \u00fcberhaupt ist es wichtig wieder in Berlin ein regelm\u00e4\u00dfig stattfindendes Ereignis zu organisieren, was die Verbreitung anarchistischer und revolution\u00e4rer Ideen angeht. Die B\u00fcchermesse soll also nicht als was ephemeres, sondern als ein kontinuierliches Ereignis verstanden werden, was jedes Jahr stattfinden soll. Seit Anfang der 2010er trugen anarchistische B\u00fcchermessen in ganz Europa, von der iberischen Halbinsel bis zum Balkan, zu einen mehr als willkommen zu hei\u00dfenden Wiederbeleben anarchistischer Ideen und Praxen bei. Nicht nur die Verbindung und Bezugnahme zwischen Gef\u00e4hrtinnen und Gef\u00e4hrten entlang des ganzen Globus war die Folge, sondern auch eine Internationalisierung von Debatten. Und dies wollen auch wir mit dieser B\u00fcchermesse erreichen.<!--more--><\/p>\r\n\r\n\r\n\r\n<p>Es gibt viele Gr\u00fcnde um in Berlin und sonst wo anarchistische B\u00fcchermessen zu machen, um anarchistischen B\u00fcchern, ergo anarchistischen Ideen, mehr Raum zu geben, aber ist es genau nur das, was wir wollen? Reicht es uns aus ein paar B\u00fcchertische hinzustellen, ein paar Lesungen zu B\u00fcchern zu halten, ein bisschen rumzuh\u00e4ngen? Nein es reicht nicht aus, denn was wir wollen, sind vor allem Debatten, die in der Praxis m\u00fcnden m\u00fcssen, zu intensivieren. B\u00fccher und s\u00e4mtliche schriftliche Erzeugnisse sind daher wichtige Vehikel, die uns alle verbinden k\u00f6nnen, dennoch sind B\u00fccher selbst nichts, es sind die Inhalte, die sie mittragen, die n\u00fctzlich sind, es ist die Praxis die eine reale Bewegung formt. Bei den Inhalten handelt es sich um alle m\u00f6glichen Themen und Fragen, die aber in einer Debatte, zur Diskussion stehen m\u00fcssen. Das Ziel dieser Debatte, dieser Diskussionen, die wir hier und auf der ganzen Welt f\u00fchren m\u00fcssen, verfolgt nur ein Ziel, n\u00e4mlich der Welt des Kapitalismus ein Ende zu setzen, diese aus ihren Fugen herauszuheben. Dies geschieht mittels der Praxis des Aufstandes, des Klassenkrieges, des sozialen Krieges um in einer weltweiten sozialen Revolution zu m\u00fcnden. Also die intensive Debatte unter Anarchistinnen, Anarchisten und s\u00e4mtlichen Revolution\u00e4ren, die dem Staat-Nation, dem Kapital, dem Patriarchat ein sofortiges Ende bringen werden.<\/p>\r\n\r\n\r\n\r\n<p>Wir werden daher zus\u00e4tzlich zu der Notwendigkeit spezifische Debatten zu intensivieren, auch inhaltliche Schwerpunkte f\u00fcr die B\u00fcchermesse haben.<\/p>\r\n\r\n\r\n\r\n<p>\u2013 Die Haltung zum Krieg (in der Ukraine und sonstwo)<\/p>\r\n\r\n\r\n\r\n<p>\u2013 Die Auseinandersetzung mit den Thema Nationalismus-Nation-Volk-Staat, die nicht voneinander zu trennen sind.<\/p>\r\n\r\n\r\n\r\n<p>\u2013 Die Verbreitung anarchistischer und revolution\u00e4rer Ideen via B\u00fccher, Propaganda, Praxis, etc.<\/p>\r\n\r\n\r\n\r\n<p>Man k\u00f6nnte ja denken, dass die anarchistische Bewegung in vielen Fragen schon zu einer koh\u00e4renten Antwort\/Haltung gekommen sei, aber wie der Spruch unter einigen Anarchistinnen und Anarchisten zu sagen vermag, es gibt nichts radikaleres als die Realit\u00e4t und dies ist wieder zum Ausdruck gekommen. Ein sehr missverstandener Spruch, denn nach wie vor stellen sich vermeintliche Anarchistinnen und Anarchisten auf die Seite des Staates-Nation, sind ja einige, den sie angeblich zu bek\u00e4mpfen meinen. Wor\u00fcber reden wir gerade? Meinen wir Katalonien, Kurdistan, die Mapuche, Pal\u00e4stina, Ukraine oder so viele andere vergangene und gegenw\u00e4rtige Beispiele? Reden wir \u00fcber die Teilnahme an Wahlen, die Unterst\u00fctzung von Parteien, den Schutz der Demokratie (ergo des kapitalistischen Staates), das Legitimieren des Gewaltmonopols, oder alles zugleich? Dies konnten wir auch in Bezug zum Corona-Virus sehen, nicht nur in welche \u201eOhnmacht\u201c eine anarchistische Bewegung zu verfallen in der Lage ist, sondern mit was f\u00fcr einem Impetus sie in der Lage ist f\u00fcr die Legitimierung des Staates zu sein. Aber was kann all dies noch mit Anarchismus, noch mit einer anarchistischen Bewegung zu tun haben? Ganz einfach, gar nichts.<\/p>\r\n\r\n\r\n\r\n<p>Aber worauf wollen wir mit all dem denn hinaus, was hat dies apropos mit dem oben erw\u00e4hnten Spruch an sich und was hat dies mit dieser Anarchistischen B\u00fcchermesse zu tun? Ganz einfach, die Realit\u00e4t holt immer alle ein, die sich ihrer Sache nicht im Klaren sind, was dazu f\u00fchrt, dass sie Positionen verteidigen, die eigentlich nicht die ihren sind. Das sehen wir in den oben erw\u00e4hnten Beispielen am besten. Die Realit\u00e4t holt alle ein, die meinen so unglaublich radikal zu sein, wo sie doch ihre Positionen nur auf Idealismus und Sand aufgebaut haben und was daraus resultiert, sind Positionen und Haltungen die nur dem Reformismus und der Konterrevolution dienen.<\/p>\r\n\r\n\r\n\r\n<p>Dies f\u00fchrt uns zur Notwendigkeit von Debatten die in Praxis m\u00fcnden m\u00fcssen um die Verwirrung des gegenw\u00e4rtigen Moments aufzuheben.<\/p>\r\n\r\n\r\n\r\n<p>Daher sollen die Schwerpunkte der B\u00fcchermesse auch den Fragen zum Krieg im Allgemeinen und zu spezifischen Kriegen, gegenw\u00e4rtigen wie historischen, sein und alles, warum diese dem kapitalistischen Staat-Nation inh\u00e4rent sind, warum unser Verh\u00e4ltnis dazu nur der einer unvers\u00f6hnlichen Feindschaft ist. Also nicht nur die Agitation, die Propaganda, sondern inhaltliche Positionen sind von immenser Bedeutung und Notwendigkeit. Was bedeutet es f\u00fcr die anarchistische Bewegung, beziehungsweise was sagt es \u00fcber diese aus, wenn sich Menschen, die sich selbst als Anarchistinnen und Anarchisten bezeichnen, an innerbourgeoise Kriegen zwischen den verschiedenen Fraktionen des Kapitalismus beteiligen? Ist das noch Anarchismus oder revolution\u00e4r? Und welche Optionen haben wir, um in Kriegen noch revolution\u00e4r handeln zu k\u00f6nnen? Und sicherlich tausend Fragen mehr, die in diesem Zusammenhang eine Rolle spielten und immer noch spielen.<\/p>\r\n\r\n\r\n\r\n<p>Daher um \u00fcber diese Fragen sowie viele andere, zu diskutieren, laden wir alle, die die Notwendigkeit haben diese Themen anzugehen, f\u00fcr die Anarchistische B\u00fcchermesse vom 05. September bis zum 08. September 2024 in Berlin-Kreuzberg ein.<\/p>\r\n\r\n\r\n\r\n<p>Der Charakter der B\u00fcchermesse soll auch zudem international und internationalistisch sein und der Aufruf auf allen m\u00f6glichen Sprachen ver\u00f6ffentlicht werden, denn der Bezug unter Anarchistinnen, Anarchisten und s\u00e4mtlichen Revolution\u00e4ren muss gest\u00e4rkt werden.<\/p>\r\n\r\n\r\n\r\n<p>Solltest du einen Infotisch machen wollen, solltest du eine Diskussion einleiten wollen, melde dich hier: <a href=\"mailto:abmb@riseup.net\">abmb@riseup.net<\/a>, weitere Infos auf anarchistischebuechermesse.noblogs.org<\/p>\r\n\r\n\r\n\r\n<p><strong>Agitation, Aufstand, Anarchie!<\/strong><\/p>","protected":false},"excerpt":{"rendered":"<p>Wir verk\u00fcnden mit gro\u00dfer Freude, dass vom 05. September bis zum 08. September 2024 im NewYorck im Bethanien 2 B, 10997 Berlin-Kreuzberg 36, eine anarchistische B\u00fcchermesse stattfinden wird. Das letzte Mal das in Berlin, unserer Kenntnis nach, so was stattfand, war im Jahr 2016, als die Tage der anarchistischen Ideen und Publikationen stattfanden. Es sind &hellip; <a href=\"https:\/\/anarchistischebuechermesse.noblogs.org\/?page_id=2\" class=\"more-link\"><span class=\"screen-reader-text\">Anarchistische B\u00fcchermesse Berlin-Kreuzberg 2024<\/span> weiterlesen <span class=\"meta-nav\">&rarr;<\/span><\/a><\/p>\n","protected":false},"author":19357,"featured_media":0,"parent":0,"menu_order":0,"comment_status":"closed","ping_status":"open","template":"","meta":{"footnotes":""},"class_list":["post-2","page","type-page","status-publish","hentry"],"_links":{"self":[{"href":"https:\/\/anarchistischebuechermesse.noblogs.org\/index.php?rest_route=\/wp\/v2\/pages\/2","targetHints":{"allow":["GET"]}}],"collection":[{"href":"https:\/\/anarchistischebuechermesse.noblogs.org\/index.php?rest_route=\/wp\/v2\/pages"}],"about":[{"href":"https:\/\/anarchistischebuechermesse.noblogs.org\/index.php?rest_route=\/wp\/v2\/types\/page"}],"author":[{"embeddable":true,"href":"https:\/\/anarchistischebuechermesse.noblogs.org\/index.php?rest_route=\/wp\/v2\/users\/19357"}],"replies":[{"embeddable":true,"href":"https:\/\/anarchistischebuechermesse.noblogs.org\/index.php?rest_route=%2Fwp%2Fv2%2Fcomments&post=2"}],"version-history":[{"count":2,"href":"https:\/\/anarchistischebuechermesse.noblogs.org\/index.php?rest_route=\/wp\/v2\/pages\/2\/revisions"}],"predecessor-version":[{"id":78,"href":"https:\/\/anarchistischebuechermesse.noblogs.org\/index.php?rest_route=\/wp\/v2\/pages\/2\/revisions\/78"}],"wp:attachment":[{"href":"https:\/\/anarchistischebuechermesse.noblogs.org\/index.php?rest_route=%2Fwp%2Fv2%2Fmedia&parent=2"}],"curies":[{"name":"wp","href":"https:\/\/api.w.org\/{rel}","templated":true}]}}