{"id":8,"date":"2023-09-07T19:58:00","date_gmt":"2023-09-07T17:58:00","guid":{"rendered":"https:\/\/anarchistischebuechermesse.noblogs.org\/?page_id=8"},"modified":"2024-09-06T15:05:17","modified_gmt":"2024-09-06T13:05:17","slug":"material","status":"publish","type":"page","link":"https:\/\/anarchistischebuechermesse.noblogs.org\/?page_id=8","title":{"rendered":"Diskussionstexte"},"content":{"rendered":"<p>Wir werden im Verlauf der n\u00e4chsten Monate, bis zum Beginn der B\u00fcchermesse, mehrere Texte ver\u00f6ffentlichen, die den Debatten auf dieser dienlich sein werden.<\/p>\n<p>Texte zur Frage anarchistischer B\u00fccher\/Theorie\/Propaganda:<br \/>\n&#8211; <a href=\"https:\/\/anarchistischebuechermesse.noblogs.org\/?p=95\"><strong>Die anarchistischen B\u00fccher sind keine Werkzeuge &#8211; Treffen von anarchistischen Bibliotheken am Samstag den 13.11.21<\/strong> von <em>expandiendo la revuelta<\/em><\/a><br \/>\n&#8211; <a href=\"https:\/\/anarchistischebuechermesse.noblogs.org\/?p=98\"><strong>Einige Reflexionen rund um die anarchistische Edition und die demokratische Rekuperation<\/strong> von <em>expandiendo la revuelta<\/em><\/a><br \/>\n&#8211; <a href=\"https:\/\/anarchistischebuechermesse.noblogs.org\/?p=151\"><strong>K\u00f6nnen &#8222;anarchistische Historiker*innen&#8220; aufh\u00f6ren, mit der Macht zu kooperieren?<\/strong> von expandiendo la revuelta<\/a><br \/>\n&#8211; <a href=\"https:\/\/anarchistischebuechermesse.noblogs.org\/?p=157\"><strong>TOD DER AKADEMIE UND DEREN KOLLABORATEURE<\/strong> von expandiendo la revuelta<\/a><\/p>\n<p>Texte zum Reformismus innerhalb der anarchistischen Bewegung:<br \/>\n&#8211; <a href=\"https:\/\/anarchistischebuechermesse.noblogs.org\/?p=92\"><strong>Erkl\u00e4rung der Black Flag Group f\u00fcr die Liverpooler Konferenz der Anarchist Federation of Britain, September 1968<\/strong> von <em>Black Flag &#8211; Bulletin of the Anarchist Black Cross<\/em><\/a><br \/>\n&#8211; <a href=\"https:\/\/anarchistischebuechermesse.noblogs.org\/?p=253\"><strong>F\u00fcr einen revolution\u00e4ren Anarchismus<\/strong> von Mur par Mur<\/a><\/p>\n<p>Texte zum Krieg:<br \/>\n&#8211; <a href=\"https:\/\/anarchistischebuechermesse.noblogs.org\/?p=120\"><strong>Anarchistischer Antimilitarismus und Mythen \u00fcber den Krieg in der Ukraine<\/strong> von <em>ANTIMILITARISTICK\u00c1 INICIATIVA [AMI]<\/em><\/a><br \/>\n&#8211; <a href=\"https:\/\/anarchistischebuechermesse.noblogs.org\/?p=122\"><strong>Gegen alle Kriege &#8230; au\u00dfer den &#8222;gerechten&#8220; Kriegen? <\/strong>gefunden auf <em>stuut.info<\/em><\/a><br \/>\n&#8211; <a href=\"https:\/\/anarchistischebuechermesse.noblogs.org\/?p=261\"><strong>La Tempesta &#8211; Der pal\u00e4stinensische Zwischenfall im Globalen Krieg<\/strong> von Sabotiamo la Guerra<\/a><\/p>\n<p>Texte zum Plattformismus:<br \/>\n&#8211; <a href=\"https:\/\/anarchistischebuechermesse.noblogs.org\/?p=186\"><strong>\u00dcber die Schuppen im libert\u00e4ren Milieu<\/strong> von <em>Argelaga<\/em><\/a><br \/>\n&#8211; <a href=\"https:\/\/anarchistischebuechermesse.noblogs.org\/?p=188\"><strong>ZWISCHEN DER PLATTFORM UND DER PARTEI: DIE AUTORIT\u00c4REN TENDENZEN UND DER ANARCHISMUS<\/strong> von <em>Patrick Rossineri<\/em><\/a><br \/>\n&#8211; <a href=\"https:\/\/anarchistischebuechermesse.noblogs.org\/?p=190\"><strong>WIE ANARCHISTISCH IST DIE PLATTFORM?<\/strong> von <em>Venomous Butterfly Publications<\/em><\/a><br \/>\n&#8211; <a href=\"https:\/\/anarchistischebuechermesse.noblogs.org\/?p=192\"><strong>H\u00f6lzerne Schuhe oder Plattformschuhe? Zur \u201eOrganisatorischen Plattform der Libert\u00e4ren Kommunisten\u201c<\/strong> von <em>Bob Black<\/em><\/a><br \/>\n&#8211; <a href=\"https:\/\/panopticon.noblogs.org\/post\/2024\/08\/28\/anarchismus-und-volks-macht-eine-wichtige-debatte-2ter-teil-der-diskussion-kritik-ueber-plattformismus-aber-nicht-nur\/\">Anarchismus und (Volks-)Macht<\/a><br \/>\n&#8211; <a href=\"https:\/\/panopticon.noblogs.org\/post\/2024\/08\/28\/roi-ferreiro-cica-kritik-des-textes-revolutionaerer-anarchismus-und-die-politischen-parteien-erstellt-von-der-alianza-comunista-libertaria-26-11-04\/\"><strong>Kritik des Textes \u201eRevolution\u00e4rer Anarchismus und die politischen Parteien\u201c, erstellt von der Alianza Comunista Libertaria (26\/11\/04)<\/strong> von Roi Ferreiro<\/a><\/p>\n","protected":false},"excerpt":{"rendered":"<p>Wir werden im Verlauf der n\u00e4chsten Monate, bis zum Beginn der B\u00fcchermesse, mehrere Texte ver\u00f6ffentlichen, die den Debatten auf dieser dienlich sein werden. Texte zur Frage anarchistischer B\u00fccher\/Theorie\/Propaganda: &#8211; Die anarchistischen B\u00fccher sind keine Werkzeuge &#8211; Treffen von anarchistischen Bibliotheken am Samstag den 13.11.21 von expandiendo la revuelta &#8211; Einige Reflexionen rund um die anarchistische &hellip; <a href=\"https:\/\/anarchistischebuechermesse.noblogs.org\/?page_id=8\" class=\"more-link\"><span class=\"screen-reader-text\">Diskussionstexte<\/span> weiterlesen <span class=\"meta-nav\">&rarr;<\/span><\/a><\/p>\n","protected":false},"author":19357,"featured_media":0,"parent":0,"menu_order":0,"comment_status":"closed","ping_status":"closed","template":"","meta":{"footnotes":""},"class_list":["post-8","page","type-page","status-publish","hentry"],"_links":{"self":[{"href":"https:\/\/anarchistischebuechermesse.noblogs.org\/index.php?rest_route=\/wp\/v2\/pages\/8","targetHints":{"allow":["GET"]}}],"collection":[{"href":"https:\/\/anarchistischebuechermesse.noblogs.org\/index.php?rest_route=\/wp\/v2\/pages"}],"about":[{"href":"https:\/\/anarchistischebuechermesse.noblogs.org\/index.php?rest_route=\/wp\/v2\/types\/page"}],"author":[{"embeddable":true,"href":"https:\/\/anarchistischebuechermesse.noblogs.org\/index.php?rest_route=\/wp\/v2\/users\/19357"}],"replies":[{"embeddable":true,"href":"https:\/\/anarchistischebuechermesse.noblogs.org\/index.php?rest_route=%2Fwp%2Fv2%2Fcomments&post=8"}],"version-history":[{"count":12,"href":"https:\/\/anarchistischebuechermesse.noblogs.org\/index.php?rest_route=\/wp\/v2\/pages\/8\/revisions"}],"predecessor-version":[{"id":267,"href":"https:\/\/anarchistischebuechermesse.noblogs.org\/index.php?rest_route=\/wp\/v2\/pages\/8\/revisions\/267"}],"wp:attachment":[{"href":"https:\/\/anarchistischebuechermesse.noblogs.org\/index.php?rest_route=%2Fwp%2Fv2%2Fmedia&parent=8"}],"curies":[{"name":"wp","href":"https:\/\/api.w.org\/{rel}","templated":true}]}}